{"id":82,"date":"2023-03-28T20:49:56","date_gmt":"2023-03-28T20:49:56","guid":{"rendered":"https:\/\/marcin-wieczorek.profesjonalnyprogramista.pl\/?page_id=82"},"modified":"2023-03-28T20:53:01","modified_gmt":"2023-03-28T20:53:01","slug":"personal-budget","status":"publish","type":"page","link":"https:\/\/marcin-wieczorek.profesjonalnyprogramista.pl\/index.php\/personal-budget\/","title":{"rendered":"Personal Budget"},"content":{"rendered":"\n<div style=\"height:30px\" aria-hidden=\"true\" class=\"wp-block-spacer\"><\/div>\n\n\n\n<div class=\"wp-block-media-text alignwide is-stacked-on-mobile\"><figure class=\"wp-block-media-text__media\"><video controls src=\"https:\/\/marcin-wieczorek.profesjonalnyprogramista.pl\/wp-content\/uploads\/2023\/03\/PersonalBudget.mp4\"><\/video><\/figure><div class=\"wp-block-media-text__content\">\n<p><a href=\"https:\/\/budget.marcin-wieczorek.profesjonalnyprogramista.pl\/home\/index\" data-type=\"URL\" data-id=\"https:\/\/budget.marcin-wieczorek.profesjonalnyprogramista.pl\/home\/index\" target=\"_blank\" rel=\"noreferrer noopener\"><strong>Personal Budget<\/strong><\/a> jest aplikacj\u0105 internetow\u0105 do zarz\u0105dzania bud\u017cetem osobistym. Pozwala dodawa\u0107 swoje codzienne przychody i wydatki z podzia\u0142em na dowolne kategorie oraz analizowa\u0107 sw\u00f3j bud\u017cet w wybranym okresie. Za\u0142o\u017cenie konta na stronie odbywa si\u0119 poprzez rejestracj\u0119 z weryfikacj\u0105 mailow\u0105. Aplikacja napisana jest prostym j\u0119zykiem angielskim.<\/p>\n\n\n\n<p>Wykorzystane technologie: HTML, CSS, Bootstrap, Javascript, AJAX, PHP, Composer<\/p>\n\n\n\n<p>Wzorce projektowe i style architektoniczne: MVC, REST API<\/p>\n\n\n\n<p><\/p>\n<\/div><\/div>\n","protected":false},"excerpt":{"rendered":"<p>Personal Budget jest aplikacj\u0105 internetow\u0105 do zarz\u0105dzania bud\u017cetem osobistym. Pozwala dodawa\u0107 swoje codzienne przychody i wydatki z podzia\u0142em na dowolne kategorie oraz analizowa\u0107 sw\u00f3j bud\u017cet w wybranym okresie. Za\u0142o\u017cenie konta na stronie odbywa si\u0119 poprzez rejestracj\u0119 z weryfikacj\u0105 mailow\u0105. Aplikacja napisana jest prostym j\u0119zykiem angielskim. Wykorzystane technologie: HTML, CSS, Bootstrap, Javascript, AJAX, PHP, Composer Wzorce&hellip;&nbsp;<a href=\"https:\/\/marcin-wieczorek.profesjonalnyprogramista.pl\/index.php\/personal-budget\/\" class=\"\" rel=\"bookmark\">Read More &raquo;<span class=\"screen-reader-text\">Personal Budget<\/span><\/a><\/p>\n","protected":false},"author":1,"featured_media":0,"parent":0,"menu_order":0,"comment_status":"closed","ping_status":"closed","template":"","meta":{"neve_meta_sidebar":"","neve_meta_container":"","neve_meta_enable_content_width":"","neve_meta_content_width":0,"neve_meta_title_alignment":"","neve_meta_author_avatar":"","neve_post_elements_order":"","neve_meta_disable_header":"","neve_meta_disable_footer":"","neve_meta_disable_title":"","_ti_tpc_template_sync":false,"_ti_tpc_template_id":"","footnotes":""},"class_list":["post-82","page","type-page","status-publish","hentry"],"_links":{"self":[{"href":"https:\/\/marcin-wieczorek.profesjonalnyprogramista.pl\/index.php\/wp-json\/wp\/v2\/pages\/82","targetHints":{"allow":["GET"]}}],"collection":[{"href":"https:\/\/marcin-wieczorek.profesjonalnyprogramista.pl\/index.php\/wp-json\/wp\/v2\/pages"}],"about":[{"href":"https:\/\/marcin-wieczorek.profesjonalnyprogramista.pl\/index.php\/wp-json\/wp\/v2\/types\/page"}],"author":[{"embeddable":true,"href":"https:\/\/marcin-wieczorek.profesjonalnyprogramista.pl\/index.php\/wp-json\/wp\/v2\/users\/1"}],"replies":[{"embeddable":true,"href":"https:\/\/marcin-wieczorek.profesjonalnyprogramista.pl\/index.php\/wp-json\/wp\/v2\/comments?post=82"}],"version-history":[{"count":3,"href":"https:\/\/marcin-wieczorek.profesjonalnyprogramista.pl\/index.php\/wp-json\/wp\/v2\/pages\/82\/revisions"}],"predecessor-version":[{"id":86,"href":"https:\/\/marcin-wieczorek.profesjonalnyprogramista.pl\/index.php\/wp-json\/wp\/v2\/pages\/82\/revisions\/86"}],"wp:attachment":[{"href":"https:\/\/marcin-wieczorek.profesjonalnyprogramista.pl\/index.php\/wp-json\/wp\/v2\/media?parent=82"}],"curies":[{"name":"wp","href":"https:\/\/api.w.org\/{rel}","templated":true}]}}