{"id":16,"date":"2023-03-21T21:50:32","date_gmt":"2023-03-21T21:50:32","guid":{"rendered":"https:\/\/marcin-wieczorek.profesjonalnyprogramista.pl\/?page_id=16"},"modified":"2023-04-04T20:13:27","modified_gmt":"2023-04-04T20:13:27","slug":"about","status":"publish","type":"page","link":"https:\/\/marcin-wieczorek.profesjonalnyprogramista.pl\/index.php\/about\/","title":{"rendered":"O mnie"},"content":{"rendered":"\n<div class=\"wp-block-cover alignfull\" style=\"min-height:156px;aspect-ratio:unset;\"><span aria-hidden=\"true\" class=\"wp-block-cover__background has-nv-site-bg-background-color has-background-dim-100 has-background-dim\"><\/span><div class=\"wp-block-cover__inner-container is-layout-flow wp-block-cover-is-layout-flow\">\n<div class=\"wp-block-group\"><div class=\"wp-block-group__inner-container is-layout-flow wp-block-group-is-layout-flow\">\n<h1 class=\"wp-block-heading has-text-align-left has-neve-text-color-color has-text-color\">Marcin Wieczorek<\/h1>\n<\/div><\/div>\n<\/div><\/div>\n\n\n\n<div class=\"wp-block-cover alignfull\" style=\"min-height:799px;aspect-ratio:unset;\"><span aria-hidden=\"true\" class=\"wp-block-cover__background has-nv-light-bg-background-color has-background-dim-100 has-background-dim\"><\/span><div class=\"wp-block-cover__inner-container is-layout-flow wp-block-cover-is-layout-flow\">\n<div class=\"wp-block-group\"><div class=\"wp-block-group__inner-container is-layout-flow wp-block-group-is-layout-flow\">\n<div style=\"height:19px\" aria-hidden=\"true\" class=\"wp-block-spacer\"><\/div>\n\n\n\n<div class=\"wp-block-columns are-vertically-aligned-center is-layout-flex wp-container-core-columns-is-layout-9d6595d7 wp-block-columns-is-layout-flex\">\n<div class=\"wp-block-column is-vertically-aligned-center is-layout-flow wp-block-column-is-layout-flow\" style=\"flex-basis:50%\">\n<figure class=\"wp-block-image size-large is-resized is-style-default\"><img loading=\"lazy\" decoding=\"async\" src=\"https:\/\/marcin-wieczorek.profesjonalnyprogramista.pl\/wp-content\/uploads\/2023\/03\/close-up-portrait-beautiful-cat-1-810x1024.jpg\" alt=\"\" class=\"wp-image-75\" width=\"498\" height=\"630\" srcset=\"https:\/\/marcin-wieczorek.profesjonalnyprogramista.pl\/wp-content\/uploads\/2023\/03\/close-up-portrait-beautiful-cat-1-810x1024.jpg 810w, https:\/\/marcin-wieczorek.profesjonalnyprogramista.pl\/wp-content\/uploads\/2023\/03\/close-up-portrait-beautiful-cat-1-237x300.jpg 237w, https:\/\/marcin-wieczorek.profesjonalnyprogramista.pl\/wp-content\/uploads\/2023\/03\/close-up-portrait-beautiful-cat-1-768x971.jpg 768w, https:\/\/marcin-wieczorek.profesjonalnyprogramista.pl\/wp-content\/uploads\/2023\/03\/close-up-portrait-beautiful-cat-1-1215x1536.jpg 1215w, https:\/\/marcin-wieczorek.profesjonalnyprogramista.pl\/wp-content\/uploads\/2023\/03\/close-up-portrait-beautiful-cat-1-1620x2048.jpg 1620w, https:\/\/marcin-wieczorek.profesjonalnyprogramista.pl\/wp-content\/uploads\/2023\/03\/close-up-portrait-beautiful-cat-1-scaled.jpg 2025w\" sizes=\"auto, (max-width: 498px) 100vw, 498px\" \/><\/figure>\n<\/div>\n\n\n\n<div class=\"wp-block-column is-vertically-aligned-center is-layout-flow wp-block-column-is-layout-flow\" style=\"flex-basis:50%\">\n<h2 class=\"wp-block-heading has-neve-text-color-color has-text-color\">Moja historia<\/h2>\n\n\n\n<p class=\"has-neve-text-color-color has-text-color has-medium-font-size\">Z wykszta\u0142cenia in\u017cynier elektryk, kt\u00f3ry przebran\u017cowi\u0142 si\u0119 <br>i rozpocz\u0105\u0142 prac\u0119 w bran\u017cy IT jako programista.<\/p>\n\n\n\n<p class=\"has-neve-text-color-color has-text-color\">W bran\u017cy informatycznej pracuj\u0119 od 2022 roku. Aktualnie specjalizuj\u0119 si\u0119 <br>w technologii low-code oraz poszerzam umiej\u0119tno\u015bci w klasycznym web developmencie. Sukcesywnie bior\u0119 udzia\u0142 w r\u00f3\u017cnych kursach oraz tworz\u0119 nowe projekty, kt\u00f3re dodaj\u0119 do swojego portfolio. Dzi\u0119ki mojemu wykszta\u0142ceniu in\u017cynierskiemu i dotychczasowemu do\u015bwiadczeniu, posiadam umiej\u0119tno\u015bci analityczne, logiczne my\u015blenie oraz rozeznanie technologiczne, kt\u00f3re s\u0105 niezb\u0119dne przy realizowaniu r\u00f3\u017cnorodnych projekt\u00f3w biznesowych. Wi\u0119cej informacji mo\u017cna znale\u017a\u0107 w moim portfolio.<\/p>\n\n\n\n<p class=\"has-nv-dark-bg-color has-text-color\">W wolnych chwilach uwielbiam odbywa\u0107 w\u0119dr\u00f3wki g\u00f3rskie, biega\u0107 na orientacj\u0119, a tak\u017ce ta\u0144czy\u0107 bachat\u0119. Dodatkowo jestem kociarzem \ud83d\ude42<\/p>\n<\/div>\n<\/div>\n\n\n\n<div style=\"height:2px\" aria-hidden=\"true\" class=\"wp-block-spacer\"><\/div>\n<\/div><\/div>\n<\/div><\/div>\n\n\n\n<div class=\"wp-block-cover alignfull\" style=\"min-height:600px;aspect-ratio:unset;\"><span aria-hidden=\"true\" class=\"wp-block-cover__background has-nv-dark-bg-background-color has-background-dim-100 has-background-dim\"><\/span><div class=\"wp-block-cover__inner-container is-layout-flow wp-block-cover-is-layout-flow\">\n<div class=\"wp-block-group\"><div class=\"wp-block-group__inner-container is-layout-flow wp-block-group-is-layout-flow\">\n<div style=\"height:33px\" aria-hidden=\"true\" class=\"wp-block-spacer\"><\/div>\n\n\n\n<div class=\"wp-block-columns are-vertically-aligned-center is-layout-flex wp-container-core-columns-is-layout-9d6595d7 wp-block-columns-is-layout-flex\">\n<div class=\"wp-block-column is-vertically-aligned-center is-layout-flow wp-block-column-is-layout-flow\" style=\"flex-basis:50%\">\n<h2 class=\"wp-block-heading has-nv-text-dark-bg-color has-text-color\">Moje kompetencje<\/h2>\n\n\n\n<ul class=\"wp-block-list\">\n<li>HTML\/CSS <\/li>\n\n\n\n<li>JavaScript<\/li>\n\n\n\n<li>PHP<\/li>\n\n\n\n<li>MySQL<\/li>\n\n\n\n<li>Low Code (Appian, Power Platform)<\/li>\n\n\n\n<li>Python<\/li>\n\n\n\n<li>C++<\/li>\n<\/ul>\n\n\n\n<div style=\"height:20px\" aria-hidden=\"true\" class=\"wp-block-spacer\"><\/div>\n\n\n\n<div style=\"height:20px\" aria-hidden=\"true\" class=\"wp-block-spacer\"><\/div>\n<\/div>\n\n\n\n<div class=\"wp-block-column is-vertically-aligned-center is-layout-flow wp-block-column-is-layout-flow\" style=\"flex-basis:50%\">\n<figure class=\"wp-block-image size-large is-style-default wp-duotone-unset-1\"><img loading=\"lazy\" decoding=\"async\" width=\"1024\" height=\"830\" src=\"https:\/\/marcin-wieczorek.profesjonalnyprogramista.pl\/wp-content\/uploads\/2023\/04\/technology-1-1024x830.jpg\" alt=\"\" class=\"wp-image-109\" srcset=\"https:\/\/marcin-wieczorek.profesjonalnyprogramista.pl\/wp-content\/uploads\/2023\/04\/technology-1-1024x830.jpg 1024w, https:\/\/marcin-wieczorek.profesjonalnyprogramista.pl\/wp-content\/uploads\/2023\/04\/technology-1-300x243.jpg 300w, https:\/\/marcin-wieczorek.profesjonalnyprogramista.pl\/wp-content\/uploads\/2023\/04\/technology-1-768x622.jpg 768w, https:\/\/marcin-wieczorek.profesjonalnyprogramista.pl\/wp-content\/uploads\/2023\/04\/technology-1-1536x1244.jpg 1536w, https:\/\/marcin-wieczorek.profesjonalnyprogramista.pl\/wp-content\/uploads\/2023\/04\/technology-1.jpg 1612w\" sizes=\"auto, (max-width: 1024px) 100vw, 1024px\" \/><\/figure>\n<\/div>\n<\/div>\n\n\n\n<div style=\"height:33px\" aria-hidden=\"true\" class=\"wp-block-spacer\"><\/div>\n<\/div><\/div>\n<\/div><\/div>\n","protected":false},"excerpt":{"rendered":"","protected":false},"author":1,"featured_media":0,"parent":0,"menu_order":0,"comment_status":"closed","ping_status":"closed","template":"","meta":{"neve_meta_sidebar":"","neve_meta_container":"","neve_meta_enable_content_width":"on","neve_meta_content_width":100,"neve_meta_title_alignment":"","neve_meta_author_avatar":"","neve_post_elements_order":"","neve_meta_disable_header":"","neve_meta_disable_footer":"","neve_meta_disable_title":"on","_ti_tpc_template_sync":false,"_ti_tpc_template_id":"","footnotes":""},"class_list":["post-16","page","type-page","status-publish","hentry"],"_links":{"self":[{"href":"https:\/\/marcin-wieczorek.profesjonalnyprogramista.pl\/index.php\/wp-json\/wp\/v2\/pages\/16","targetHints":{"allow":["GET"]}}],"collection":[{"href":"https:\/\/marcin-wieczorek.profesjonalnyprogramista.pl\/index.php\/wp-json\/wp\/v2\/pages"}],"about":[{"href":"https:\/\/marcin-wieczorek.profesjonalnyprogramista.pl\/index.php\/wp-json\/wp\/v2\/types\/page"}],"author":[{"embeddable":true,"href":"https:\/\/marcin-wieczorek.profesjonalnyprogramista.pl\/index.php\/wp-json\/wp\/v2\/users\/1"}],"replies":[{"embeddable":true,"href":"https:\/\/marcin-wieczorek.profesjonalnyprogramista.pl\/index.php\/wp-json\/wp\/v2\/comments?post=16"}],"version-history":[{"count":12,"href":"https:\/\/marcin-wieczorek.profesjonalnyprogramista.pl\/index.php\/wp-json\/wp\/v2\/pages\/16\/revisions"}],"predecessor-version":[{"id":110,"href":"https:\/\/marcin-wieczorek.profesjonalnyprogramista.pl\/index.php\/wp-json\/wp\/v2\/pages\/16\/revisions\/110"}],"wp:attachment":[{"href":"https:\/\/marcin-wieczorek.profesjonalnyprogramista.pl\/index.php\/wp-json\/wp\/v2\/media?parent=16"}],"curies":[{"name":"wp","href":"https:\/\/api.w.org\/{rel}","templated":true}]}}